{"id":748,"date":"2016-03-10T18:52:12","date_gmt":"2016-03-10T18:52:12","guid":{"rendered":"https:\/\/demo05.houzez.co\/?page_id=748"},"modified":"2025-09-14T20:50:12","modified_gmt":"2025-09-15T02:50:12","slug":"privacy","status":"publish","type":"page","link":"https:\/\/lemonciti.com\/mystaging01\/privacy\/","title":{"rendered":"Pol\u00edtica de Privacidad"},"content":{"rendered":"<p>Proteger tu privacidad es importante para nosotros. Esta pol\u00edtica de privacidad explica c\u00f3mo LemonCiti recopila, usa y protege tu informaci\u00f3n personal.<\/p>\n<ol>\n<li aria-level=\"1\"><b>Referente a la Informaci\u00f3n que Recopilamos<\/b>\n<ul>\n<li aria-level=\"2\">Recopilamos informaci\u00f3n personal como nombre, correo electr\u00f3nico, n\u00famero de tel\u00e9fono y detalles de propiedades cada vez que aceptas registrarte en nuestra plataforma o cuando publicas una propiedad en LemonCiti.<\/li>\n<li aria-level=\"2\">Tambi\u00e9n podemos recopilar informaci\u00f3n no personal, como tipo de navegador, direcci\u00f3n IP y patrones de uso..<\/li>\n<\/ul>\n<\/li>\n<li aria-level=\"1\"><b>C\u00f3mo Usamos tu Informaci\u00f3n<\/b>\n<ul>\n<li aria-level=\"2\">La informaci\u00f3n personal la utilizamos para llevar completar funciones espec\u00edficas en nuestra plataforma, proporcionar mejores servicios, procesar transacciones y comunicarnos con los usuarios.<\/li>\n<li aria-level=\"2\">La informaci\u00f3n no personal puede usarse con fines anal\u00edticos y para mejorar la experiencia del usuario en LemonCiti.<\/li>\n<\/ul>\n<\/li>\n<li aria-level=\"1\"><b>Referente a Compartir Informaci\u00f3n<\/b>\n<ul>\n<li aria-level=\"2\">No vendemos, comercializamos, ni alquilamos la informaci\u00f3n personal de los usuarios a terceros sin previo consentimiento, excepto cuando lo exija la ley o para facilitar transacciones dentro de nuestra plataforma.<\/li>\n<\/ul>\n<\/li>\n<li aria-level=\"1\"><b>Seguridad de los Datos<\/b>\n<ul>\n<li aria-level=\"2\">LemonCiti implementa medidas de seguridad para proteger la informaci\u00f3n personal de usuarios contra cualquier acceso no autorizado, ante cualquier alteraci\u00f3n o destrucci\u00f3n de esta.<\/li>\n<li aria-level=\"2\">Sin embargo, como es sabido, ninguna transmisi\u00f3n o env\u00edo de informaci\u00f3n por internet o almacenamiento electr\u00f3nico es completamente seguro. No obstante, haremos todo lo que est\u00e1 a nuestro alcance para proteger la informaci\u00f3n, no podemos garantizar su seguridad absoluta.<\/li>\n<\/ul>\n<\/li>\n<li aria-level=\"1\"><b>Cookies<\/b>\n<ul>\n<li aria-level=\"2\">LemonCiti usa cookies para mejorar la experiencia del usuario y rastrear patrones de uso. El usuario puede desactivar las cookies en la configuraci\u00f3n del navegador, si embargo, esto puede afectar la funcionalidad del sitio web.<\/li>\n<\/ul>\n<\/li>\n<li aria-level=\"1\"><b>Enlaces a Otros Sitios Web<\/b>\n<ul>\n<li aria-level=\"2\">Tenga en cuenta que LemonCiti podr\u00eda mostrar enlaces a otros sitios web de terceros. No obstante, no nos consideramos responsables de sus pr\u00e1cticas de privacidad ni del contenido presentado en esos sitios web.<\/li>\n<\/ul>\n<\/li>\n<li aria-level=\"1\"><b>Privacidad de Menores de Edad<\/b>\n<ul>\n<li aria-level=\"2\">LemonCiti no est\u00e1 dise\u00f1ado o destinado para menores de 18 a\u00f1os. No recopilamos intencionalmente informaci\u00f3n personal de menores de edad.<\/li>\n<\/ul>\n<\/li>\n<li aria-level=\"1\"><b>Cambios en la Pol\u00edtica de Privacidad<\/b>\n<ul>\n<li aria-level=\"2\">LemonCiti se reserva el derecho de actualizar esta pol\u00edtica en cualquier momento. Las actualizaciones se publicar\u00e1n en esta plataforma. El uso continuado de LemonCiti significar\u00e1 la aceptaci\u00f3n de dichos cambios.<\/li>\n<\/ul>\n<\/li>\n<\/ol>\n<p><b>Cont\u00e1ctanos<\/b><\/p>\n<p>Si tienes preguntas o inquietudes sobre esta pol\u00edtica de privacidad, puedes completar el formulario \u201cCont\u00e1ctanos\u201d y con gusto resolveremos tus dudas.<\/p>\n\n\n<p><\/p>\n","protected":false},"excerpt":{"rendered":"<p>Proteger tu privacidad es importante para nosotros. Esta pol\u00edtica de privacidad explica c\u00f3mo LemonCiti recopila, usa y protege tu informaci\u00f3n personal. Referente a la Informaci\u00f3n que Recopilamos Recopilamos informaci\u00f3n personal como nombre, correo electr\u00f3nico, n\u00famero de tel\u00e9fono y detalles de propiedades cada vez que aceptas registrarte en nuestra plataforma o cuando publicas una propiedad en [&hellip;]<\/p>\n","protected":false},"author":4,"featured_media":0,"parent":0,"menu_order":0,"comment_status":"closed","ping_status":"closed","template":"template\/template-page.php","meta":{"_acf_changed":false,"footnotes":""},"class_list":["post-748","page","type-page","status-publish","hentry"],"acf":[],"rttpg_featured_image_url":null,"rttpg_author":{"display_name":"narminder1","author_link":"https:\/\/lemonciti.com\/mystaging01\/author\/narminder1\/"},"rttpg_comment":0,"rttpg_category":null,"rttpg_excerpt":"Proteger tu privacidad es importante para nosotros. Esta pol\u00edtica de privacidad explica c\u00f3mo LemonCiti recopila, usa y protege tu informaci\u00f3n personal. Referente a la Informaci\u00f3n que Recopilamos Recopilamos informaci\u00f3n personal como nombre, correo electr\u00f3nico, n\u00famero de tel\u00e9fono y detalles de propiedades cada vez que aceptas registrarte en nuestra plataforma o cuando publicas una propiedad en&hellip;","_links":{"self":[{"href":"https:\/\/lemonciti.com\/mystaging01\/wp-json\/wp\/v2\/pages\/748","targetHints":{"allow":["GET"]}}],"collection":[{"href":"https:\/\/lemonciti.com\/mystaging01\/wp-json\/wp\/v2\/pages"}],"about":[{"href":"https:\/\/lemonciti.com\/mystaging01\/wp-json\/wp\/v2\/types\/page"}],"author":[{"embeddable":true,"href":"https:\/\/lemonciti.com\/mystaging01\/wp-json\/wp\/v2\/users\/4"}],"replies":[{"embeddable":true,"href":"https:\/\/lemonciti.com\/mystaging01\/wp-json\/wp\/v2\/comments?post=748"}],"version-history":[{"count":3,"href":"https:\/\/lemonciti.com\/mystaging01\/wp-json\/wp\/v2\/pages\/748\/revisions"}],"predecessor-version":[{"id":11138,"href":"https:\/\/lemonciti.com\/mystaging01\/wp-json\/wp\/v2\/pages\/748\/revisions\/11138"}],"wp:attachment":[{"href":"https:\/\/lemonciti.com\/mystaging01\/wp-json\/wp\/v2\/media?parent=748"}],"curies":[{"name":"wp","href":"https:\/\/api.w.org\/{rel}","templated":true}]}}